{"id":233,"date":"2024-09-27T14:26:33","date_gmt":"2024-09-27T14:26:33","guid":{"rendered":"https:\/\/existingbridges.uniza.sk\/?page_id=233"},"modified":"2025-04-02T09:39:53","modified_gmt":"2025-04-02T09:39:53","slug":"organizacny-vybor-a-kontakt","status":"publish","type":"page","link":"https:\/\/existingbridges.uniza.sk\/organizacny-vybor-a-kontakt\/","title":{"rendered":"Organizing Committee and Contact"},"content":{"rendered":"\r\n<h2 class=\"wp-block-heading\">Organizing Committee and Contact<\/h2>\r\n\r\n\r\n\r\n\r\n<p>The conference is organized by the Department of Structures and Bridges of the Faculty of Civil Engineering of the University of \u017dilina, which celebrated its 70th anniversary in 2023. The department has been dedicated to research and expertise in the field of existing bridges and structures for several decades, focusing on research into their actual service and a range of problems related to the evaluation of existing structures and bridges.<\/p>\r\n\r\n\r\n\r\n\r\n\r\n<address><strong>The organizing committee:<\/strong><\/address>\r\n\r\n\r\n\r\n<p><em>Jaroslav Odrobi\u0148\u00e1k, Head of the Organizing Committee<\/em><\/p>\r\n<p><em>Mat\u00fa\u0161 Farb\u00e1k<\/em><\/p>\r\n<p><em>Richard Hlinka<\/em><\/p>\r\n<p><em>Jakub Kra\u013eovanec<\/em><\/p>\r\n<p><em>Martin Vavru\u0161<\/em><\/p>\r\n<p><em>Jozef Goc\u00e1l<\/em><\/p>\r\n\r\n\r\n\r\n\r\n\r\n<p><strong>Contact<\/strong><\/p>\r\n\r\n\r\n\r\n\r\n\r\n<p>Department of Structures and Bridges<\/p>\r\n<p>Faculty of Civil Engineering<\/p>\r\n<p>University of \u017dilina<\/p>\r\n<p>Univerzitn\u00e1 8215\/1<\/p>\r\n<p>010 26 \u017dilina<\/p>\r\n<p>Slovakia<\/p>\r\n\r\n\r\n\r\n\r\n\r\n<p>Email: <a href=\"mailto:fstav-konf-kskm@uniza.sk\"><strong>fstav-konf-kskm@uniza.sk<\/strong><\/a>\r\n<p>Tel.: +<strong> 421 41&nbsp;513 5651<\/strong><\/p>\r\n<p>Web: <a title=\"https:\/\/existingbridges.uniza.sk\/\" href=\"https:\/\/existingbridges.uniza.sk\/\"><\/p><strong>https:\/\/existingbridges.uniza.sk\/<\/strong><\/a><\/p>\r\n\r\n","protected":false},"excerpt":{"rendered":"<div class=\"entry-summary\">\n<div class=\"entry-summary\">\nOrganizing Committee and Contact The conference is organized by the Department of Structures and Bridges of the Faculty of Civil Engineering of the University of \u017dilina, which celebrated its 70th anniversary in 2023. The department has been dedicated to research&hellip;\n<\/div>\n<div class=\"link-more\"><a href=\"https:\/\/existingbridges.uniza.sk\/organizacny-vybor-a-kontakt\/\" class=\"more-link\">Continue reading<span class=\"screen-reader-text\"> &ldquo;Organizing Committee and Contact&rdquo;<\/span>&hellip;<\/a><\/div>\n<\/div>\n<div class=\"link-more\"><a href=\"https:\/\/existingbridges.uniza.sk\/organizacny-vybor-a-kontakt\/\" class=\"more-link\">Continue reading<span class=\"screen-reader-text\"> &ldquo;Organizing Committee and Contact&rdquo;<\/span>&hellip;<\/a><\/div>\n","protected":false},"author":1,"featured_media":0,"parent":0,"menu_order":0,"comment_status":"closed","ping_status":"closed","template":"","meta":{"_acf_changed":false,"footnotes":""},"class_list":["post-233","page","type-page","status-publish","hentry","entry"],"acf":[],"aioseo_notices":[],"jetpack_sharing_enabled":true,"_links":{"self":[{"href":"https:\/\/existingbridges.uniza.sk\/wp-json\/wp\/v2\/pages\/233","targetHints":{"allow":["GET"]}}],"collection":[{"href":"https:\/\/existingbridges.uniza.sk\/wp-json\/wp\/v2\/pages"}],"about":[{"href":"https:\/\/existingbridges.uniza.sk\/wp-json\/wp\/v2\/types\/page"}],"author":[{"embeddable":true,"href":"https:\/\/existingbridges.uniza.sk\/wp-json\/wp\/v2\/users\/1"}],"replies":[{"embeddable":true,"href":"https:\/\/existingbridges.uniza.sk\/wp-json\/wp\/v2\/comments?post=233"}],"version-history":[{"count":9,"href":"https:\/\/existingbridges.uniza.sk\/wp-json\/wp\/v2\/pages\/233\/revisions"}],"predecessor-version":[{"id":548,"href":"https:\/\/existingbridges.uniza.sk\/wp-json\/wp\/v2\/pages\/233\/revisions\/548"}],"wp:attachment":[{"href":"https:\/\/existingbridges.uniza.sk\/wp-json\/wp\/v2\/media?parent=233"}],"curies":[{"name":"wp","href":"https:\/\/api.w.org\/{rel}","templated":true}]}}