{"id":25,"date":"2024-08-09T08:28:21","date_gmt":"2024-08-09T08:28:21","guid":{"rendered":"https:\/\/existingbridges-wordpress.kicon.fri.uniza.sk\/?page_id=25"},"modified":"2024-09-28T10:57:15","modified_gmt":"2024-09-28T10:57:15","slug":"wellcome-drink-a-spolocensky-vecer","status":"publish","type":"page","link":"https:\/\/existingbridges.uniza.sk\/wellcome-drink-a-spolocensky-vecer\/","title":{"rendered":"Welcome Drink and\u00a0Gala Dinner"},"content":{"rendered":"\r\n<h2 class=\"wp-block-heading\">Welcome Drink and\u00a0Gala Dinner<\/h2>\r\n\r\n\r\n\r\n<p><strong>Welcome Drink<\/strong> with light finger food will be organized on Wednesday, November 5, 2025, in the Chill Zone of \u200b\u200bthe Faculty of Civil Engineering of the University of \u017dilina. (Univerzitn\u00e1 1, \u017dilina, Google Maps: <a href=\"https:\/\/maps.app.goo.gl\/aFTEyiCL6eupWjDf9\">https:\/\/maps.app.goo.gl\/aFTEyiCL6eupWjDf9<\/a>).<\/p>\r\n\r\n\r\n\r\n<p><strong>Gala Dinner<\/strong> will take place on Thursday, November 6, 2025, at the venue of the main part of the conference, i.e. at the Holiday Inn in \u017dilina. (\u0160portov\u00e1 2, \u017dilina, Google Maps: <a href=\"https:\/\/maps.app.goo.gl\/6bCMK8RBs6LBbhTm8\">https:\/\/maps.app.goo.gl\/6bCMK8RBs6LBbhTm8<\/a>).<\/p>\r\n\r\n\r\n\r\n<p><\/p>\r\n","protected":false},"excerpt":{"rendered":"<div class=\"entry-summary\">\n<div class=\"entry-summary\">\nWelcome Drink and\u00a0Gala Dinner Welcome Drink with light finger food will be organized on Wednesday, November 5, 2025, in the Chill Zone of \u200b\u200bthe Faculty of Civil Engineering of the University of \u017dilina. (Univerzitn\u00e1 1, \u017dilina, Google Maps: https:\/\/maps.app.goo.gl\/aFTEyiCL6eupWjDf9). Gala&hellip;\n<\/div>\n<div class=\"link-more\"><a href=\"https:\/\/existingbridges.uniza.sk\/wellcome-drink-a-spolocensky-vecer\/\" class=\"more-link\">Continue reading<span class=\"screen-reader-text\"> &ldquo;Welcome Drink and\u00a0Gala Dinner&rdquo;<\/span>&hellip;<\/a><\/div>\n<\/div>\n<div class=\"link-more\"><a href=\"https:\/\/existingbridges.uniza.sk\/wellcome-drink-a-spolocensky-vecer\/\" class=\"more-link\">Continue reading<span class=\"screen-reader-text\"> &ldquo;Welcome Drink and\u00a0Gala Dinner&rdquo;<\/span>&hellip;<\/a><\/div>\n","protected":false},"author":1,"featured_media":0,"parent":0,"menu_order":0,"comment_status":"closed","ping_status":"closed","template":"","meta":{"_acf_changed":false,"footnotes":""},"class_list":["post-25","page","type-page","status-publish","hentry","entry"],"acf":[],"aioseo_notices":[],"jetpack_sharing_enabled":true,"_links":{"self":[{"href":"https:\/\/existingbridges.uniza.sk\/wp-json\/wp\/v2\/pages\/25","targetHints":{"allow":["GET"]}}],"collection":[{"href":"https:\/\/existingbridges.uniza.sk\/wp-json\/wp\/v2\/pages"}],"about":[{"href":"https:\/\/existingbridges.uniza.sk\/wp-json\/wp\/v2\/types\/page"}],"author":[{"embeddable":true,"href":"https:\/\/existingbridges.uniza.sk\/wp-json\/wp\/v2\/users\/1"}],"replies":[{"embeddable":true,"href":"https:\/\/existingbridges.uniza.sk\/wp-json\/wp\/v2\/comments?post=25"}],"version-history":[{"count":2,"href":"https:\/\/existingbridges.uniza.sk\/wp-json\/wp\/v2\/pages\/25\/revisions"}],"predecessor-version":[{"id":265,"href":"https:\/\/existingbridges.uniza.sk\/wp-json\/wp\/v2\/pages\/25\/revisions\/265"}],"wp:attachment":[{"href":"https:\/\/existingbridges.uniza.sk\/wp-json\/wp\/v2\/media?parent=25"}],"curies":[{"name":"wp","href":"https:\/\/api.w.org\/{rel}","templated":true}]}}