{"id":277,"date":"2024-09-28T11:10:04","date_gmt":"2024-09-28T11:10:04","guid":{"rendered":"https:\/\/existingbridges.uniza.sk\/?page_id=277"},"modified":"2024-09-28T11:10:13","modified_gmt":"2024-09-28T11:10:13","slug":"miesto-konania-konferencie","status":"publish","type":"page","link":"https:\/\/existingbridges.uniza.sk\/miesto-konania-konferencie\/","title":{"rendered":"Conference Venue"},"content":{"rendered":"\r\n<h2 class=\"wp-block-heading\">Conference Venue<\/h2>\r\n\r\n\r\n\r\n\r\nThe <strong>Existing Bridges 2025<\/strong> conference will be held at the <a href=\"https:\/\/www.holidayinn-zilina.sk\/\"><strong>Holiday Inn Hotel in \u017dilina<\/strong><\/a>.\r\n\r\n\r\n\r\n\r\n\r\nAddress: \u0160portov\u00e1 2, 010 01 \u017dilina\r\n\r\n\r\n\r\n\r\n\r\nGoogle Maps: <a href=\"https:\/\/maps.app.goo.gl\/6bCMK8RBs6LBbhTm8\">https:\/\/maps.app.goo.gl\/6bCMK8RBs6LBbhTm8<\/a>\r\n\r\n\r\n\r\n\r\n\r\n<address>NOTE:\r\nThe Welcome Drink on the eve of the conference (November 5, 2025) will take place on the premises of the <a href=\"https:\/\/www.uniza.sk\/index.php\"><strong>University of \u017dilina<\/strong><\/a> (Univerzitn\u00e1 1, \u017dilina, Google Maps: <a href=\"https:\/\/maps.app.goo.gl\/aFTEyiCL6eupWjDf9\">https:\/\/maps.app.goo.gl\/aFTEyiCL6eupWjDf9<\/a>)<\/address>\r\n\r\n\r\n\r\n","protected":false},"excerpt":{"rendered":"<div class=\"entry-summary\">\n<div class=\"entry-summary\">\nConference Venue The Existing Bridges 2025 conference will be held at the Holiday Inn Hotel in \u017dilina. Address: \u0160portov\u00e1 2, 010 01 \u017dilina Google Maps: https:\/\/maps.app.goo.gl\/6bCMK8RBs6LBbhTm8 NOTE: The Welcome Drink on the eve of the conference (November 5, 2025) will&hellip;\n<\/div>\n<div class=\"link-more\"><a href=\"https:\/\/existingbridges.uniza.sk\/miesto-konania-konferencie\/\" class=\"more-link\">Continue reading<span class=\"screen-reader-text\"> &ldquo;Conference Venue&rdquo;<\/span>&hellip;<\/a><\/div>\n<\/div>\n<div class=\"link-more\"><a href=\"https:\/\/existingbridges.uniza.sk\/miesto-konania-konferencie\/\" class=\"more-link\">Continue reading<span class=\"screen-reader-text\"> &ldquo;Conference Venue&rdquo;<\/span>&hellip;<\/a><\/div>\n","protected":false},"author":1,"featured_media":0,"parent":0,"menu_order":0,"comment_status":"closed","ping_status":"closed","template":"","meta":{"_acf_changed":false,"footnotes":""},"class_list":["post-277","page","type-page","status-publish","hentry","entry"],"acf":[],"aioseo_notices":[],"jetpack_sharing_enabled":true,"_links":{"self":[{"href":"https:\/\/existingbridges.uniza.sk\/wp-json\/wp\/v2\/pages\/277","targetHints":{"allow":["GET"]}}],"collection":[{"href":"https:\/\/existingbridges.uniza.sk\/wp-json\/wp\/v2\/pages"}],"about":[{"href":"https:\/\/existingbridges.uniza.sk\/wp-json\/wp\/v2\/types\/page"}],"author":[{"embeddable":true,"href":"https:\/\/existingbridges.uniza.sk\/wp-json\/wp\/v2\/users\/1"}],"replies":[{"embeddable":true,"href":"https:\/\/existingbridges.uniza.sk\/wp-json\/wp\/v2\/comments?post=277"}],"version-history":[{"count":1,"href":"https:\/\/existingbridges.uniza.sk\/wp-json\/wp\/v2\/pages\/277\/revisions"}],"predecessor-version":[{"id":278,"href":"https:\/\/existingbridges.uniza.sk\/wp-json\/wp\/v2\/pages\/277\/revisions\/278"}],"wp:attachment":[{"href":"https:\/\/existingbridges.uniza.sk\/wp-json\/wp\/v2\/media?parent=277"}],"curies":[{"name":"wp","href":"https:\/\/api.w.org\/{rel}","templated":true}]}}