{"id":29,"date":"2024-08-09T08:28:51","date_gmt":"2024-08-09T08:28:51","guid":{"rendered":"https:\/\/existingbridges-wordpress.kicon.fri.uniza.sk\/?page_id=29"},"modified":"2025-11-26T08:53:47","modified_gmt":"2025-11-26T08:53:47","slug":"vedecki-garanti-konferencie","status":"publish","type":"page","link":"https:\/\/existingbridges.uniza.sk\/vedecki-garanti-konferencie\/","title":{"rendered":"Scientific Committee"},"content":{"rendered":"\r\n<h2 class=\"wp-block-heading\">Scientific Committee<\/h2>\r\n\r\n\r\n\r\n<table class=\"has-fixed-layout\">\r\n<tbody>\r\n<tr>\r\n<td>Rudolf \u00c1roch<\/td>\r\n<td>SK<\/td>\r\n<\/tr>\r\n<tr>\r\n<td>Jan Bie\u0144<\/td>\r\n<td>PL<\/td>\r\n<\/tr>\r\n<tr>\r\n<td>AbdelHamid Bouchair<\/td>\r\n<td>FR<\/td>\r\n<\/tr>\r\n<tr>\r\n<td>Radim \u010cajka<\/td>\r\n<td>CZ<\/td>\r\n<\/tr>\r\n<tr>\r\n<td>L\u00e1szl\u00f3 Dunai<\/td>\r\n<td>HU<\/td>\r\n<\/tr>\r\n<tr>\r\n<td>Eloi J. F. Figueiredo<\/td>\r\n<td>PT<\/td>\r\n<\/tr>\r\n<tr>\r\n<td>Jaroslav Halvonik<\/td>\r\n<td>SK<\/td>\r\n<\/tr>\r\n<tr>\r\n<td>Peter Kote\u0161<\/td>\r\n<td>SK<\/td>\r\n<\/tr>\r\n<tr>\r\n<td>Ji\u0159\u00ed Kol\u00edsko<\/td>\r\n<td>CZ<\/td>\r\n<\/tr>\r\n<tr>\r\n<td>Pavol Kov\u00e1\u010dik<\/td>\r\n<td>SK<\/td>\r\n<\/tr>\r\n<tr>\r\n<td>Vincent Kvo\u010d\u00e1k<\/td>\r\n<td>SK<\/td>\r\n<\/tr>\r\n<tr>\r\n<td>Anton\u00edn Lokaj<\/td>\r\n<td>CZ<\/td>\r\n<\/tr>\r\n<tr>\r\n<td>Marija Ku\u0161ter Mari\u0107<\/td>\r\n<td>HR<\/td>\r\n<\/tr>\r\n<tr>\r\n<td>Jos\u00e9 C. Matos<\/td>\r\n<td>PT<\/td>\r\n<\/tr>\r\n<tr>\r\n<td>Martin Morav\u010d\u00edk<\/td>\r\n<td>SK<\/td>\r\n<\/tr>\r\n<tr>\r\n<td>Vanni Nicoletti<\/td>\r\n<td>IT<\/td>\r\n<\/tr>\r\n<tr>\r\n<td>Jaroslav Odrobi\u0148\u00e1k<\/td>\r\n<td>SK<\/td>\r\n<\/tr>\r\n<tr>\r\n<td>Doncho Partov<\/td>\r\n<td>BG<\/td>\r\n<\/tr>\r\n<tr>\r\n<td>Zbigniew Perkowski<\/td>\r\n<td>PL<\/td>\r\n<\/tr>\r\n<tr>\r\n<td>Jaroslav Repa<\/td>\r\n<td>SK<\/td>\r\n<\/tr>\r\n<tr>\r\n<td>Pavel Ryj\u00e1\u010dek<\/td>\r\n<td>CZ<\/td>\r\n<\/tr>\r\n<tr>\r\n<td>Marek Salamak<\/td>\r\n<td>PL<\/td>\r\n<\/tr>\r\n<tr>\r\n<td>Alfred Strauss<\/td>\r\n<td>AT<\/td>\r\n<\/tr>\r\n<tr>\r\n<td>J\u00e1n Urda<\/td>\r\n<td>SK<\/td>\r\n<\/tr>\r\n<tr>\r\n<td>Josef Vi\u010dan (chairman)<\/td>\r\n<td>SK<\/td>\r\n<\/tr>\r\n<tr>\r\n<td>Jan L. V\u00edtek<\/td>\r\n<td>CZ<\/td>\r\n<\/tr>\r\n<tr>\r\n<td>Luk\u00e1\u0161 Vr\u00e1bl\u00edk<\/td>\r\n<td>CZ<\/td>\r\n<\/tr>\r\n<tr>\r\n<td>Franti\u0161ek Wald<\/td>\r\n<td>CZ<\/td>\r\n<\/tr>\r\n<tr>\r\n<td>Milo\u0161 Zich<\/td>\r\n<td>CZ<\/td>\r\n<\/tr>\r\n<\/tbody>\r\n<\/table>\r\n\r\n\r\n\r\n\r\n\r\n\r\n\r\n\r\n\r\n\r\n","protected":false},"excerpt":{"rendered":"<div class=\"entry-summary\">\n<div class=\"entry-summary\">\nScientific Committee Rudolf \u00c1roch SK Jan Bie\u0144 PL AbdelHamid Bouchair FR Radim \u010cajka CZ L\u00e1szl\u00f3 Dunai HU Eloi J. F. Figueiredo PT Jaroslav Halvonik SK Peter Kote\u0161 SK Ji\u0159\u00ed Kol\u00edsko CZ Pavol Kov\u00e1\u010dik SK Vincent Kvo\u010d\u00e1k SK Anton\u00edn Lokaj CZ&hellip;\n<\/div>\n<div class=\"link-more\"><a href=\"https:\/\/existingbridges.uniza.sk\/vedecki-garanti-konferencie\/\" class=\"more-link\">Continue reading<span class=\"screen-reader-text\"> &ldquo;Scientific Committee&rdquo;<\/span>&hellip;<\/a><\/div>\n<\/div>\n<div class=\"link-more\"><a href=\"https:\/\/existingbridges.uniza.sk\/vedecki-garanti-konferencie\/\" class=\"more-link\">Continue reading<span class=\"screen-reader-text\"> &ldquo;Scientific Committee&rdquo;<\/span>&hellip;<\/a><\/div>\n","protected":false},"author":1,"featured_media":0,"parent":0,"menu_order":0,"comment_status":"closed","ping_status":"closed","template":"","meta":{"_acf_changed":false,"footnotes":""},"class_list":["post-29","page","type-page","status-publish","hentry","entry"],"acf":[],"aioseo_notices":[],"jetpack_sharing_enabled":true,"_links":{"self":[{"href":"https:\/\/existingbridges.uniza.sk\/wp-json\/wp\/v2\/pages\/29","targetHints":{"allow":["GET"]}}],"collection":[{"href":"https:\/\/existingbridges.uniza.sk\/wp-json\/wp\/v2\/pages"}],"about":[{"href":"https:\/\/existingbridges.uniza.sk\/wp-json\/wp\/v2\/types\/page"}],"author":[{"embeddable":true,"href":"https:\/\/existingbridges.uniza.sk\/wp-json\/wp\/v2\/users\/1"}],"replies":[{"embeddable":true,"href":"https:\/\/existingbridges.uniza.sk\/wp-json\/wp\/v2\/comments?post=29"}],"version-history":[{"count":10,"href":"https:\/\/existingbridges.uniza.sk\/wp-json\/wp\/v2\/pages\/29\/revisions"}],"predecessor-version":[{"id":709,"href":"https:\/\/existingbridges.uniza.sk\/wp-json\/wp\/v2\/pages\/29\/revisions\/709"}],"wp:attachment":[{"href":"https:\/\/existingbridges.uniza.sk\/wp-json\/wp\/v2\/media?parent=29"}],"curies":[{"name":"wp","href":"https:\/\/api.w.org\/{rel}","templated":true}]}}