{"id":357,"date":"2024-11-02T16:13:16","date_gmt":"2024-11-02T16:13:16","guid":{"rendered":"https:\/\/existingbridges.uniza.sk\/?page_id=357"},"modified":"2025-10-28T11:01:20","modified_gmt":"2025-10-28T11:01:20","slug":"zastita-a-partneri","status":"publish","type":"page","link":"https:\/\/existingbridges.uniza.sk\/zastita-a-partneri\/","title":{"rendered":"Patronage & Partners"},"content":{"rendered":"\r\n<h1 class=\"wp-block-heading\">Patronage<\/h1>\r\n\r\n\r\n\r\n<div class=\"wp-block-spacer\" style=\"height: 25px;\" aria-hidden=\"true\">&nbsp;<\/div>\r\n\r\n\r\n\r\n\r\n<strong>The patronage of the conference was taken over by:<\/strong>\r\n\r\n\r\n\r\n\r\n<ul class=\"wp-block-list\">\r\n \t<li>JUDr. Ing. <strong>Jozef R\u00e1\u017e<\/strong>, Minister of Transport of the Slovak Republic<\/li>\r\n \t<li>prof. Ing. <strong>J\u00e1n \u010celko<\/strong>, CSc., Rector of the University of \u017dilina<\/li>\r\n<\/ul>\r\n\r\n\r\n<strong>The conference is supported by the following organizations:<\/strong>\r\n\r\n\r\n\r\n<div class=\"wp-block-image\">\r\n<figure class=\"align-horizontal-wrap alignleft size-full is-resized has-custom-border\"><img loading=\"lazy\" decoding=\"async\" width=\"709\" height=\"249\" class=\"wp-image-439\" style=\"border-style: none; border-width: 0px; width: 413px; height: auto;\" src=\"https:\/\/existingbridges.uniza.sk\/wp-content\/uploads\/2025\/01\/image-2.jpg\" alt=\"\" srcset=\"https:\/\/existingbridges.uniza.sk\/wp-content\/uploads\/2025\/01\/image-2.jpg 709w, https:\/\/existingbridges.uniza.sk\/wp-content\/uploads\/2025\/01\/image-2-300x105.jpg 300w\" sizes=\"auto, (max-width: 709px) 100vw, 709px\" \/><\/figure>\r\n<\/div>\r\n\r\n\r\n<div class=\"wp-block-spacer\" style=\"height: 1px;\" aria-hidden=\"true\">&nbsp;<\/div>\r\n\r\n\r\n<div class=\"alignwide-wrap\" data-block=\"separator\">\r\n\r\n<hr class=\"wp-block-separator alignwide has-alpha-channel-opacity is-style-default\" style=\"margin-top: var(--wp--preset--spacing--60); margin-bottom: var(--wp--preset--spacing--60);\" \/>\r\n\r\n<\/div>\r\n\r\n\r\n<h1 class=\"wp-block-heading\">Main Partners<\/h1>\r\n\r\n\r\n\r\n<div class=\"wp-block-spacer\" style=\"height: 25px;\" aria-hidden=\"true\">&nbsp;<\/div>\r\n\r\n\r\n<div class=\"alignwide-wrap\" data-block=\"columns\">\r\n<div class=\"wp-block-columns alignwide\">\r\n\r\n\r\n<div class=\"wp-block-column is-vertically-aligned-center is-style-default\">\r\n\r\n\r\n<figure class=\"wp-block-image size-large is-resized\"><a href=\"https:\/\/www.scia.net\/en\/scia-engineer\"><img loading=\"lazy\" decoding=\"async\" width=\"1024\" height=\"341\" class=\"wp-image-476\" style=\"width: auto; height: 120px;\" src=\"https:\/\/existingbridges.uniza.sk\/wp-content\/uploads\/2025\/02\/SCIA_By-ALLPLAN_Logo_Black-1024x341.png\" alt=\"\" srcset=\"https:\/\/existingbridges.uniza.sk\/wp-content\/uploads\/2025\/02\/SCIA_By-ALLPLAN_Logo_Black-1024x341.png 1024w, https:\/\/existingbridges.uniza.sk\/wp-content\/uploads\/2025\/02\/SCIA_By-ALLPLAN_Logo_Black-300x100.png 300w, https:\/\/existingbridges.uniza.sk\/wp-content\/uploads\/2025\/02\/SCIA_By-ALLPLAN_Logo_Black-768x256.png 768w, https:\/\/existingbridges.uniza.sk\/wp-content\/uploads\/2025\/02\/SCIA_By-ALLPLAN_Logo_Black.png 1200w\" sizes=\"auto, (max-width: 1024px) 100vw, 1024px\" \/><\/a><\/figure>\r\n\r\n\r\n\r\n<figure class=\"wp-block-image size-large\"><a href=\"https:\/\/www.yottavolt.com\/\"><img loading=\"lazy\" decoding=\"async\" width=\"1024\" height=\"724\" class=\"wp-image-550\" src=\"https:\/\/existingbridges.uniza.sk\/wp-content\/uploads\/2025\/04\/Yotta-Volt-logo__-1024x724.png\" alt=\"\" srcset=\"https:\/\/existingbridges.uniza.sk\/wp-content\/uploads\/2025\/04\/Yotta-Volt-logo__-1024x724.png 1024w, https:\/\/existingbridges.uniza.sk\/wp-content\/uploads\/2025\/04\/Yotta-Volt-logo__-300x212.png 300w, https:\/\/existingbridges.uniza.sk\/wp-content\/uploads\/2025\/04\/Yotta-Volt-logo__-768x543.png 768w, https:\/\/existingbridges.uniza.sk\/wp-content\/uploads\/2025\/04\/Yotta-Volt-logo__-1536x1086.png 1536w, https:\/\/existingbridges.uniza.sk\/wp-content\/uploads\/2025\/04\/Yotta-Volt-logo__-2048x1448.png 2048w\" sizes=\"auto, (max-width: 1024px) 100vw, 1024px\" \/><\/a><\/figure>\r\n\r\n\r\n<div class=\"wp-block-image\">\r\n<figure class=\"aligncenter size-large is-resized\"><a href=\"https:\/\/www.hilti.sk\/\"><img loading=\"lazy\" decoding=\"async\" width=\"1024\" height=\"241\" class=\"wp-image-460\" style=\"width: auto; height: 80px;\" src=\"https:\/\/existingbridges.uniza.sk\/wp-content\/uploads\/2025\/02\/Hilti_Logo_red_2016_sRGB-1024x241.png\" alt=\"\" srcset=\"https:\/\/existingbridges.uniza.sk\/wp-content\/uploads\/2025\/02\/Hilti_Logo_red_2016_sRGB-1024x241.png 1024w, https:\/\/existingbridges.uniza.sk\/wp-content\/uploads\/2025\/02\/Hilti_Logo_red_2016_sRGB-300x71.png 300w, https:\/\/existingbridges.uniza.sk\/wp-content\/uploads\/2025\/02\/Hilti_Logo_red_2016_sRGB-768x181.png 768w, https:\/\/existingbridges.uniza.sk\/wp-content\/uploads\/2025\/02\/Hilti_Logo_red_2016_sRGB-1536x362.png 1536w, https:\/\/existingbridges.uniza.sk\/wp-content\/uploads\/2025\/02\/Hilti_Logo_red_2016_sRGB-2048x483.png 2048w\" sizes=\"auto, (max-width: 1024px) 100vw, 1024px\" \/><\/a><\/figure>\r\n<\/div>\r\n\r\n<\/div>\r\n\r\n\r\n\r\n<div class=\"wp-block-column is-vertically-aligned-center\">\r\n\r\n<div class=\"wp-block-image\">\r\n<figure class=\"aligncenter size-full is-resized\"><a href=\"https:\/\/montirp.com\/\"><img loading=\"lazy\" decoding=\"async\" width=\"1200\" height=\"400\" class=\"wp-image-497\" style=\"width: auto; height: 120px;\" src=\"https:\/\/existingbridges.uniza.sk\/wp-content\/uploads\/2025\/02\/montirp.png\" alt=\"\" srcset=\"https:\/\/existingbridges.uniza.sk\/wp-content\/uploads\/2025\/02\/montirp.png 1200w, https:\/\/existingbridges.uniza.sk\/wp-content\/uploads\/2025\/02\/montirp-300x100.png 300w, https:\/\/existingbridges.uniza.sk\/wp-content\/uploads\/2025\/02\/montirp-1024x341.png 1024w, https:\/\/existingbridges.uniza.sk\/wp-content\/uploads\/2025\/02\/montirp-768x256.png 768w\" sizes=\"auto, (max-width: 1200px) 100vw, 1200px\" \/><\/a><\/figure>\r\n<\/div>\r\n\r\n<\/div>\r\n\r\n\r\n\r\n<div class=\"wp-block-column is-vertically-aligned-center\">\r\n\r\n<div class=\"wp-block-image\">\r\n<figure class=\"aligncenter size-full is-resized\"><img loading=\"lazy\" decoding=\"async\" class=\"alignnone wp-image-644 size-medium\" style=\"width: auto; height: 120px;\" src=\"https:\/\/existingbridges.uniza.sk\/wp-content\/uploads\/2025\/09\/PERI_Logo_4C-page-001-300x166.jpg\" alt=\"\" width=\"300\" height=\"166\" srcset=\"https:\/\/existingbridges.uniza.sk\/wp-content\/uploads\/2025\/09\/PERI_Logo_4C-page-001-300x166.jpg 300w, https:\/\/existingbridges.uniza.sk\/wp-content\/uploads\/2025\/09\/PERI_Logo_4C-page-001-1024x566.jpg 1024w, https:\/\/existingbridges.uniza.sk\/wp-content\/uploads\/2025\/09\/PERI_Logo_4C-page-001-768x425.jpg 768w, https:\/\/existingbridges.uniza.sk\/wp-content\/uploads\/2025\/09\/PERI_Logo_4C-page-001-1536x850.jpg 1536w, https:\/\/existingbridges.uniza.sk\/wp-content\/uploads\/2025\/09\/PERI_Logo_4C-page-001-2048x1133.jpg 2048w\" sizes=\"auto, (max-width: 300px) 100vw, 300px\" \/><\/figure>\r\n<\/div>\r\n\r\n\r\n<figure class=\"wp-block-image size-large\"><a href=\"https:\/\/www.ideastatica.com\/cz\"><img loading=\"lazy\" decoding=\"async\" width=\"1024\" height=\"358\" class=\"wp-image-535\" src=\"https:\/\/existingbridges.uniza.sk\/wp-content\/uploads\/2025\/03\/IDEA_StatiCA_PANTONE-1-1024x358.jpg\" alt=\"\" srcset=\"https:\/\/existingbridges.uniza.sk\/wp-content\/uploads\/2025\/03\/IDEA_StatiCA_PANTONE-1-1024x358.jpg 1024w, https:\/\/existingbridges.uniza.sk\/wp-content\/uploads\/2025\/03\/IDEA_StatiCA_PANTONE-1-300x105.jpg 300w, https:\/\/existingbridges.uniza.sk\/wp-content\/uploads\/2025\/03\/IDEA_StatiCA_PANTONE-1-768x268.jpg 768w, https:\/\/existingbridges.uniza.sk\/wp-content\/uploads\/2025\/03\/IDEA_StatiCA_PANTONE-1-1536x537.jpg 1536w, https:\/\/existingbridges.uniza.sk\/wp-content\/uploads\/2025\/03\/IDEA_StatiCA_PANTONE-1-2048x715.jpg 2048w\" sizes=\"auto, (max-width: 1024px) 100vw, 1024px\" \/><\/a><\/figure>\r\n\r\n\r\n<div class=\"wp-block-image\">\r\n<figure class=\"aligncenter size-large is-resized\"><a href=\"https:\/\/www.nwg.cz\/\"><img loading=\"lazy\" decoding=\"async\" width=\"1024\" height=\"262\" class=\"wp-image-461\" style=\"width: auto; height: 80px;\" src=\"https:\/\/existingbridges.uniza.sk\/wp-content\/uploads\/2025\/02\/sfo_NWG-1024x262.png\" alt=\"\" srcset=\"https:\/\/existingbridges.uniza.sk\/wp-content\/uploads\/2025\/02\/sfo_NWG-1024x262.png 1024w, https:\/\/existingbridges.uniza.sk\/wp-content\/uploads\/2025\/02\/sfo_NWG-300x77.png 300w, https:\/\/existingbridges.uniza.sk\/wp-content\/uploads\/2025\/02\/sfo_NWG-768x197.png 768w, https:\/\/existingbridges.uniza.sk\/wp-content\/uploads\/2025\/02\/sfo_NWG.png 1495w\" sizes=\"auto, (max-width: 1024px) 100vw, 1024px\" \/><\/a><\/figure>\r\n<\/div>\r\n\r\n<\/div>\r\n\r\n\r\n<\/div>\r\n<\/div>\r\n\r\n<div class=\"alignwide-wrap\" data-block=\"separator\">\r\n\r\n<hr class=\"wp-block-separator alignwide has-alpha-channel-opacity\" style=\"margin-top: var(--wp--preset--spacing--60); margin-bottom: var(--wp--preset--spacing--60);\" \/>\r\n\r\n<\/div>\r\n\r\n\r\n<h1 class=\"wp-block-heading\">Partners<\/h1>\r\n\r\n\r\n\r\n<div class=\"wp-block-spacer\" style=\"height: 25px;\" aria-hidden=\"true\">&nbsp;<\/div>\r\n\r\n\r\n<div class=\"alignwide-wrap\" data-block=\"columns\">\r\n<div class=\"wp-block-columns alignwide\">\r\n\r\n\r\n<div class=\"wp-block-column is-vertically-aligned-center\">\r\n\r\n\r\n<figure class=\"wp-block-image size-large is-resized\"><a href=\"https:\/\/www.construsoft.com\/cs\"><img loading=\"lazy\" decoding=\"async\" width=\"1024\" height=\"188\" class=\"wp-image-605\" style=\"width: 355px; height: auto;\" src=\"https:\/\/existingbridges.uniza.sk\/wp-content\/uploads\/2025\/06\/Construsoft_1-3-1024x188.jpg\" alt=\"\" srcset=\"https:\/\/existingbridges.uniza.sk\/wp-content\/uploads\/2025\/06\/Construsoft_1-3-1024x188.jpg 1024w, https:\/\/existingbridges.uniza.sk\/wp-content\/uploads\/2025\/06\/Construsoft_1-3-300x55.jpg 300w, https:\/\/existingbridges.uniza.sk\/wp-content\/uploads\/2025\/06\/Construsoft_1-3-768x141.jpg 768w, https:\/\/existingbridges.uniza.sk\/wp-content\/uploads\/2025\/06\/Construsoft_1-3-1536x283.jpg 1536w, https:\/\/existingbridges.uniza.sk\/wp-content\/uploads\/2025\/06\/Construsoft_1-3-2048x377.jpg 2048w\" sizes=\"auto, (max-width: 1024px) 100vw, 1024px\" \/><\/a><\/figure>\r\n\r\n\r\n<\/div>\r\n\r\n\r\n\r\n<div class=\"wp-block-column is-vertically-aligned-center\">\r\n\r\n\r\n<figure class=\"wp-block-image size-large is-resized\"><a href=\"https:\/\/www.mapei.com\/sk\/sk\/home-page\"><img loading=\"lazy\" decoding=\"async\" width=\"1024\" height=\"427\" class=\"wp-image-603\" style=\"width: 302px; height: auto;\" src=\"https:\/\/existingbridges.uniza.sk\/wp-content\/uploads\/2025\/06\/MapeiLogo_ColouredCubes_Blue-1-1024x427.png\" alt=\"\" srcset=\"https:\/\/existingbridges.uniza.sk\/wp-content\/uploads\/2025\/06\/MapeiLogo_ColouredCubes_Blue-1-1024x427.png 1024w, https:\/\/existingbridges.uniza.sk\/wp-content\/uploads\/2025\/06\/MapeiLogo_ColouredCubes_Blue-1-300x125.png 300w, https:\/\/existingbridges.uniza.sk\/wp-content\/uploads\/2025\/06\/MapeiLogo_ColouredCubes_Blue-1-768x320.png 768w, https:\/\/existingbridges.uniza.sk\/wp-content\/uploads\/2025\/06\/MapeiLogo_ColouredCubes_Blue-1.png 1417w\" sizes=\"auto, (max-width: 1024px) 100vw, 1024px\" \/><\/a><\/figure>\r\n\r\n\r\n<\/div>\r\n\r\n\r\n\r\n<div class=\"wp-block-column is-vertically-aligned-center\">\r\n\r\n<div class=\"wp-block-image\">\r\n<figure class=\"aligncenter size-large is-resized\"><a href=\"https:\/\/www.mageba-group.com\/global\/en\/\"><img loading=\"lazy\" decoding=\"async\" width=\"1024\" height=\"310\" class=\"wp-image-469\" style=\"width: auto; height: 80px;\" src=\"https:\/\/existingbridges.uniza.sk\/wp-content\/uploads\/2025\/02\/mageba-Logo-International-pantone-2738C-ohne-Switzerland-1024x310.jpg\" alt=\"\" srcset=\"https:\/\/existingbridges.uniza.sk\/wp-content\/uploads\/2025\/02\/mageba-Logo-International-pantone-2738C-ohne-Switzerland-1024x310.jpg 1024w, https:\/\/existingbridges.uniza.sk\/wp-content\/uploads\/2025\/02\/mageba-Logo-International-pantone-2738C-ohne-Switzerland-300x91.jpg 300w, https:\/\/existingbridges.uniza.sk\/wp-content\/uploads\/2025\/02\/mageba-Logo-International-pantone-2738C-ohne-Switzerland-768x233.jpg 768w, https:\/\/existingbridges.uniza.sk\/wp-content\/uploads\/2025\/02\/mageba-Logo-International-pantone-2738C-ohne-Switzerland-1536x465.jpg 1536w, https:\/\/existingbridges.uniza.sk\/wp-content\/uploads\/2025\/02\/mageba-Logo-International-pantone-2738C-ohne-Switzerland-2048x620.jpg 2048w\" sizes=\"auto, (max-width: 1024px) 100vw, 1024px\" \/><\/a><\/figure>\r\n<\/div>\r\n\r\n<\/div>\r\n\r\n\r\n<\/div>\r\n<\/div>\r\n\r\n<div class=\"alignwide-wrap\" data-block=\"columns\">\r\n<div class=\"wp-block-columns alignwide\">\r\n\r\n\r\n<div class=\"wp-block-column is-vertically-aligned-center\">\r\n\r\n<div class=\"wp-block-image\">\r\n<figure class=\"aligncenter size-full is-resized\"><a href=\"https:\/\/dpova.cz\/\"><img loading=\"lazy\" decoding=\"async\" width=\"1024\" height=\"569\" class=\"wp-image-472\" style=\"width: 270px; height: auto;\" src=\"https:\/\/existingbridges.uniza.sk\/wp-content\/uploads\/2025\/02\/2016-10-dopravoprojekt_logo-1024x569-1.png\" alt=\"\" srcset=\"https:\/\/existingbridges.uniza.sk\/wp-content\/uploads\/2025\/02\/2016-10-dopravoprojekt_logo-1024x569-1.png 1024w, https:\/\/existingbridges.uniza.sk\/wp-content\/uploads\/2025\/02\/2016-10-dopravoprojekt_logo-1024x569-1-300x167.png 300w, https:\/\/existingbridges.uniza.sk\/wp-content\/uploads\/2025\/02\/2016-10-dopravoprojekt_logo-1024x569-1-768x427.png 768w\" sizes=\"auto, (max-width: 1024px) 100vw, 1024px\" \/><\/a><\/figure>\r\n<\/div>\r\n\r\n<\/div>\r\n\r\n\r\n\r\n<div class=\"wp-block-column is-vertically-aligned-center\">\r\n\r\n<div class=\"wp-block-image\">\r\n<figure class=\"aligncenter size-large is-resized\"><a href=\"https:\/\/www.strabag.sk\/\"><img loading=\"lazy\" decoding=\"async\" width=\"1024\" height=\"402\" class=\"wp-image-483\" style=\"width: auto; height: 120px;\" src=\"https:\/\/existingbridges.uniza.sk\/wp-content\/uploads\/2025\/02\/Strabag.svg_-1024x402.png\" alt=\"\" srcset=\"https:\/\/existingbridges.uniza.sk\/wp-content\/uploads\/2025\/02\/Strabag.svg_-1024x402.png 1024w, https:\/\/existingbridges.uniza.sk\/wp-content\/uploads\/2025\/02\/Strabag.svg_-300x118.png 300w, https:\/\/existingbridges.uniza.sk\/wp-content\/uploads\/2025\/02\/Strabag.svg_-768x301.png 768w, https:\/\/existingbridges.uniza.sk\/wp-content\/uploads\/2025\/02\/Strabag.svg_.png 1200w\" sizes=\"auto, (max-width: 1024px) 100vw, 1024px\" \/><\/a><\/figure>\r\n<\/div>\r\n<div class=\"wp-block-column is-vertically-aligned-center\">\r\n\r\n<\/div>\r\n\r\n<\/div>\r\n\r\n\r\n<\/div>\r\n<\/div>\r\n\r\n<div class=\"alignwide-wrap\" data-block=\"columns\">\r\n<div class=\"wp-block-columns alignwide are-vertically-aligned-center\">\r\n\r\n\r\n<div class=\"wp-block-column is-vertically-aligned-center\">\r\n\r\n\r\n<figure class=\"wp-block-image size-large\"><a href=\"https:\/\/svk.sika.com\/\"><img loading=\"lazy\" decoding=\"async\" width=\"1024\" height=\"462\" class=\"wp-image-569\" src=\"https:\/\/existingbridges.uniza.sk\/wp-content\/uploads\/2025\/05\/Sika_Claim_pos_cmyk-kopie-1024x462.jpg\" alt=\"\" srcset=\"https:\/\/existingbridges.uniza.sk\/wp-content\/uploads\/2025\/05\/Sika_Claim_pos_cmyk-kopie-1024x462.jpg 1024w, https:\/\/existingbridges.uniza.sk\/wp-content\/uploads\/2025\/05\/Sika_Claim_pos_cmyk-kopie-300x135.jpg 300w, https:\/\/existingbridges.uniza.sk\/wp-content\/uploads\/2025\/05\/Sika_Claim_pos_cmyk-kopie-768x347.jpg 768w, https:\/\/existingbridges.uniza.sk\/wp-content\/uploads\/2025\/05\/Sika_Claim_pos_cmyk-kopie.jpg 1329w\" sizes=\"auto, (max-width: 1024px) 100vw, 1024px\" \/><\/a><\/figure>\r\n\r\n\r\n<\/div>\r\n\r\n\r\n\r\n<div class=\"wp-block-column is-vertically-aligned-center\">\r\n\r\n\r\n<figure class=\"wp-block-gallery has-nested-images columns-default is-cropped wp-block-gallery-1 is-layout-flex wp-block-gallery-is-layout-flex\">\r\n<figure class=\"wp-block-image size-large is-resized\"><a href=\"https:\/\/www.trinstruments.sk\/\"><img loading=\"lazy\" decoding=\"async\" width=\"413\" height=\"413\" data-id=\"623\" class=\"wp-image-623\" style=\"width: 177px; height: auto;\" src=\"https:\/\/existingbridges.uniza.sk\/wp-content\/uploads\/2025\/07\/TR-logo-RGB.jpg\" alt=\"\" srcset=\"https:\/\/existingbridges.uniza.sk\/wp-content\/uploads\/2025\/07\/TR-logo-RGB.jpg 413w, https:\/\/existingbridges.uniza.sk\/wp-content\/uploads\/2025\/07\/TR-logo-RGB-300x300.jpg 300w, https:\/\/existingbridges.uniza.sk\/wp-content\/uploads\/2025\/07\/TR-logo-RGB-150x150.jpg 150w\" sizes=\"auto, (max-width: 413px) 100vw, 413px\" \/><\/a><\/figure>\r\n\r\n\r\n\r\n<figure class=\"wp-block-image size-large is-resized\"><a href=\"https:\/\/abfslovakia.sk\/\"><img loading=\"lazy\" decoding=\"async\" width=\"200\" height=\"203\" data-id=\"486\" class=\"wp-image-486\" style=\"width: 200px;\" src=\"https:\/\/existingbridges.uniza.sk\/wp-content\/uploads\/2025\/02\/logo-abf-web-1.jpg\" alt=\"\" \/><\/a><\/figure>\r\n<\/figure>\r\n\r\n\r\n<\/div>\r\n\r\n\r\n\r\n<div class=\"wp-block-column is-vertically-aligned-center\">\r\n\r\n\r\n<figure class=\"wp-block-image size-large\"><a href=\"https:\/\/www.reming.sk\/\"><img loading=\"lazy\" decoding=\"async\" width=\"1024\" height=\"485\" class=\"wp-image-509\" src=\"https:\/\/existingbridges.uniza.sk\/wp-content\/uploads\/2025\/03\/REMING_CONSULT-logo_CMYK-page-001-1024x485.jpg\" alt=\"\" srcset=\"https:\/\/existingbridges.uniza.sk\/wp-content\/uploads\/2025\/03\/REMING_CONSULT-logo_CMYK-page-001-1024x485.jpg 1024w, https:\/\/existingbridges.uniza.sk\/wp-content\/uploads\/2025\/03\/REMING_CONSULT-logo_CMYK-page-001-300x142.jpg 300w, https:\/\/existingbridges.uniza.sk\/wp-content\/uploads\/2025\/03\/REMING_CONSULT-logo_CMYK-page-001-768x364.jpg 768w, https:\/\/existingbridges.uniza.sk\/wp-content\/uploads\/2025\/03\/REMING_CONSULT-logo_CMYK-page-001-1536x728.jpg 1536w, https:\/\/existingbridges.uniza.sk\/wp-content\/uploads\/2025\/03\/REMING_CONSULT-logo_CMYK-page-001-2048x970.jpg 2048w\" sizes=\"auto, (max-width: 1024px) 100vw, 1024px\" \/><\/a>\r\n<a href=\"https:\/\/gti-usa.net\/\"><img loading=\"lazy\" decoding=\"async\" width=\"1024\" height=\"407\" class=\"wp-image-657\" style=\"width: 277px; height: auto;\" src=\"https:\/\/existingbridges.uniza.sk\/wp-content\/uploads\/2025\/10\/GTI-Logo-Only-free-1024x407.jpg\" alt=\"\" srcset=\"https:\/\/existingbridges.uniza.sk\/wp-content\/uploads\/2025\/10\/GTI-Logo-Only-free-1024x407.jpg 1024w, https:\/\/existingbridges.uniza.sk\/wp-content\/uploads\/2025\/10\/GTI-Logo-Only-free-300x119.jpg 300w, https:\/\/existingbridges.uniza.sk\/wp-content\/uploads\/2025\/10\/GTI-Logo-Only-free-768x306.jpg 768w, https:\/\/existingbridges.uniza.sk\/wp-content\/uploads\/2025\/10\/GTI-Logo-Only-free-1536x611.jpg 1536w, https:\/\/existingbridges.uniza.sk\/wp-content\/uploads\/2025\/10\/GTI-Logo-Only-free.jpg 1933w\" sizes=\"auto, (max-width: 1024px) 100vw, 1024px\" \/><\/a><\/figure>\r\n\r\n\r\n<\/div>\r\n\r\n\r\n<\/div>\r\n<\/div>\r\n\r\n<div class=\"alignwide-wrap\" data-block=\"separator\">\r\n\r\n<hr class=\"wp-block-separator alignwide has-alpha-channel-opacity\" style=\"margin-top: var(--wp--preset--spacing--60); margin-bottom: var(--wp--preset--spacing--60);\" \/>\r\n\r\n<\/div>\r\n\r\n\r\n<h1 class=\"wp-block-heading\">Media Partners<\/h1>\r\n\r\n\r\n\r\n<div class=\"wp-block-spacer\" style=\"height: 25px;\" aria-hidden=\"true\">&nbsp;<\/div>\r\n\r\n<h2 class=\"wp-block-heading\">Journals<\/h2>\r\n\r\n\r\n<div class=\"alignwide-wrap\" data-block=\"columns\">\r\n<div class=\"wp-block-columns alignwide are-vertically-aligned-top\">\r\n\r\n\r\n<div class=\"wp-block-column is-vertically-aligned-top\">\r\n\r\n<div class=\"wp-block-image\">\r\n<figure class=\"aligncenter size-large is-resized\"><a href=\"https:\/\/www.jaga.sk\/casopisy\/inzinierske-stavby\/\"><img loading=\"lazy\" decoding=\"async\" width=\"1024\" height=\"1024\" class=\"wp-image-464\" style=\"width: auto; height: 300px;\" src=\"https:\/\/existingbridges.uniza.sk\/wp-content\/uploads\/2025\/02\/2025_InzinierskeStavby-page-001-1024x1024.jpg\" alt=\"\" srcset=\"https:\/\/existingbridges.uniza.sk\/wp-content\/uploads\/2025\/02\/2025_InzinierskeStavby-page-001-1024x1024.jpg 1024w, https:\/\/existingbridges.uniza.sk\/wp-content\/uploads\/2025\/02\/2025_InzinierskeStavby-page-001-300x300.jpg 300w, https:\/\/existingbridges.uniza.sk\/wp-content\/uploads\/2025\/02\/2025_InzinierskeStavby-page-001-150x150.jpg 150w, https:\/\/existingbridges.uniza.sk\/wp-content\/uploads\/2025\/02\/2025_InzinierskeStavby-page-001-768x768.jpg 768w, https:\/\/existingbridges.uniza.sk\/wp-content\/uploads\/2025\/02\/2025_InzinierskeStavby-page-001-1536x1536.jpg 1536w, https:\/\/existingbridges.uniza.sk\/wp-content\/uploads\/2025\/02\/2025_InzinierskeStavby-page-001.jpg 1748w\" sizes=\"auto, (max-width: 1024px) 100vw, 1024px\" \/><\/a><\/figure>\r\n<\/div>\r\n\r\n<\/div>\r\n\r\n\r\n\r\n<div class=\"wp-block-column is-vertically-aligned-top\">\r\n\r\n<div class=\"wp-block-image\">\r\n<figure class=\"aligncenter size-large is-resized\"><a href=\"https:\/\/www.ekomagazin.sk\/\"><img loading=\"lazy\" decoding=\"async\" width=\"1024\" height=\"372\" class=\"wp-image-465\" style=\"width: auto; height: 180px;\" src=\"https:\/\/existingbridges.uniza.sk\/wp-content\/uploads\/2025\/02\/Magazin_lg_black_2024-1-1024x372.jpg\" alt=\"\" srcset=\"https:\/\/existingbridges.uniza.sk\/wp-content\/uploads\/2025\/02\/Magazin_lg_black_2024-1-1024x372.jpg 1024w, https:\/\/existingbridges.uniza.sk\/wp-content\/uploads\/2025\/02\/Magazin_lg_black_2024-1-300x109.jpg 300w, https:\/\/existingbridges.uniza.sk\/wp-content\/uploads\/2025\/02\/Magazin_lg_black_2024-1-768x279.jpg 768w, https:\/\/existingbridges.uniza.sk\/wp-content\/uploads\/2025\/02\/Magazin_lg_black_2024-1-1536x558.jpg 1536w, https:\/\/existingbridges.uniza.sk\/wp-content\/uploads\/2025\/02\/Magazin_lg_black_2024-1-2048x744.jpg 2048w\" sizes=\"auto, (max-width: 1024px) 100vw, 1024px\" \/><\/a><\/figure>\r\n<\/div>\r\n\r\n<\/div>\r\n\r\n\r\n<\/div>\r\n<\/div>\r\n\r\n\r\n<h2 class=\"wp-block-heading\">Audiopartner<\/h2>\r\n\r\n\r\n<div class=\"wp-block-image\">\r\n<figure class=\"aligncenter size-large is-resized\"><a href=\"https:\/\/www.facebook.com\/pozor.zakruta\/\"><img loading=\"lazy\" decoding=\"async\" width=\"1024\" height=\"371\" class=\"wp-image-490\" style=\"width: auto; height: 200px;\" src=\"https:\/\/existingbridges.uniza.sk\/wp-content\/uploads\/2025\/02\/logo_pozor_za_plnafarba2-1024x371.png\" alt=\"\" srcset=\"https:\/\/existingbridges.uniza.sk\/wp-content\/uploads\/2025\/02\/logo_pozor_za_plnafarba2-1024x371.png 1024w, https:\/\/existingbridges.uniza.sk\/wp-content\/uploads\/2025\/02\/logo_pozor_za_plnafarba2-300x109.png 300w, https:\/\/existingbridges.uniza.sk\/wp-content\/uploads\/2025\/02\/logo_pozor_za_plnafarba2-768x279.png 768w, https:\/\/existingbridges.uniza.sk\/wp-content\/uploads\/2025\/02\/logo_pozor_za_plnafarba2-1536x557.png 1536w, https:\/\/existingbridges.uniza.sk\/wp-content\/uploads\/2025\/02\/logo_pozor_za_plnafarba2-2048x743.png 2048w\" sizes=\"auto, (max-width: 1024px) 100vw, 1024px\" \/><\/a><\/figure>\r\n<\/div>\r\n\r\n\r\n<p class=\"has-text-align-center\" style=\"font-size: 40px;\"><strong><a href=\"https:\/\/www.stvr.sk\/radio\/program\/1115\">Radio Slovakia broadcast, STVR<\/a><\/strong><\/p>\r\n","protected":false},"excerpt":{"rendered":"<div class=\"entry-summary\">\n<div class=\"entry-summary\">\nPatronage &nbsp; The patronage of the conference was taken over by: JUDr. Ing. Jozef R\u00e1\u017e, Minister of Transport of the Slovak Republic prof. Ing. J\u00e1n \u010celko, CSc., Rector of the University of \u017dilina The conference is supported by the following&hellip;\n<\/div>\n<div class=\"link-more\"><a href=\"https:\/\/existingbridges.uniza.sk\/zastita-a-partneri\/\" class=\"more-link\">Continue reading<span class=\"screen-reader-text\"> &ldquo;Patronage &#038; Partners&rdquo;<\/span>&hellip;<\/a><\/div>\n<\/div>\n<div class=\"link-more\"><a href=\"https:\/\/existingbridges.uniza.sk\/zastita-a-partneri\/\" class=\"more-link\">Continue reading<span class=\"screen-reader-text\"> &ldquo;Patronage &#038; Partners&rdquo;<\/span>&hellip;<\/a><\/div>\n","protected":false},"author":2,"featured_media":0,"parent":0,"menu_order":0,"comment_status":"closed","ping_status":"closed","template":"","meta":{"_acf_changed":false,"footnotes":""},"class_list":["post-357","page","type-page","status-publish","hentry","entry"],"acf":[],"aioseo_notices":[],"jetpack_sharing_enabled":true,"_links":{"self":[{"href":"https:\/\/existingbridges.uniza.sk\/wp-json\/wp\/v2\/pages\/357","targetHints":{"allow":["GET"]}}],"collection":[{"href":"https:\/\/existingbridges.uniza.sk\/wp-json\/wp\/v2\/pages"}],"about":[{"href":"https:\/\/existingbridges.uniza.sk\/wp-json\/wp\/v2\/types\/page"}],"author":[{"embeddable":true,"href":"https:\/\/existingbridges.uniza.sk\/wp-json\/wp\/v2\/users\/2"}],"replies":[{"embeddable":true,"href":"https:\/\/existingbridges.uniza.sk\/wp-json\/wp\/v2\/comments?post=357"}],"version-history":[{"count":28,"href":"https:\/\/existingbridges.uniza.sk\/wp-json\/wp\/v2\/pages\/357\/revisions"}],"predecessor-version":[{"id":693,"href":"https:\/\/existingbridges.uniza.sk\/wp-json\/wp\/v2\/pages\/357\/revisions\/693"}],"wp:attachment":[{"href":"https:\/\/existingbridges.uniza.sk\/wp-json\/wp\/v2\/media?parent=357"}],"curies":[{"name":"wp","href":"https:\/\/api.w.org\/{rel}","templated":true}]}}